{"id":22280,"date":"2026-01-13T09:46:48","date_gmt":"2026-01-13T07:46:48","guid":{"rendered":"https:\/\/www.maatpharma.com\/?page_id=22280"},"modified":"2026-01-13T10:24:48","modified_gmt":"2026-01-13T08:24:48","slug":"devenir-membre-club-actionnaires-maat","status":"publish","type":"page","link":"https:\/\/www.maatpharma.com\/fr\/devenir-membre-club-actionnaires-maat\/","title":{"rendered":"Devenez membre du Club MaaT Actionnaires Engag\u00e9s"},"content":{"rendered":"\t\t<div data-elementor-type=\"wp-page\" data-elementor-id=\"22280\" class=\"elementor elementor-22280\" data-elementor-settings=\"{&quot;element_pack_global_tooltip_width&quot;:{&quot;unit&quot;:&quot;px&quot;,&quot;size&quot;:&quot;&quot;,&quot;sizes&quot;:[]},&quot;element_pack_global_tooltip_width_widescreen&quot;:{&quot;unit&quot;:&quot;px&quot;,&quot;size&quot;:&quot;&quot;,&quot;sizes&quot;:[]},&quot;element_pack_global_tooltip_width_laptop&quot;:{&quot;unit&quot;:&quot;px&quot;,&quot;size&quot;:&quot;&quot;,&quot;sizes&quot;:[]},&quot;element_pack_global_tooltip_width_tablet_extra&quot;:{&quot;unit&quot;:&quot;px&quot;,&quot;size&quot;:&quot;&quot;,&quot;sizes&quot;:[]},&quot;element_pack_global_tooltip_width_tablet&quot;:{&quot;unit&quot;:&quot;px&quot;,&quot;size&quot;:&quot;&quot;,&quot;sizes&quot;:[]},&quot;element_pack_global_tooltip_width_mobile_extra&quot;:{&quot;unit&quot;:&quot;px&quot;,&quot;size&quot;:&quot;&quot;,&quot;sizes&quot;:[]},&quot;element_pack_global_tooltip_width_mobile&quot;:{&quot;unit&quot;:&quot;px&quot;,&quot;size&quot;:&quot;&quot;,&quot;sizes&quot;:[]},&quot;element_pack_global_tooltip_padding&quot;:{&quot;unit&quot;:&quot;px&quot;,&quot;top&quot;:&quot;&quot;,&quot;right&quot;:&quot;&quot;,&quot;bottom&quot;:&quot;&quot;,&quot;left&quot;:&quot;&quot;,&quot;isLinked&quot;:true},&quot;element_pack_global_tooltip_padding_widescreen&quot;:{&quot;unit&quot;:&quot;px&quot;,&quot;top&quot;:&quot;&quot;,&quot;right&quot;:&quot;&quot;,&quot;bottom&quot;:&quot;&quot;,&quot;left&quot;:&quot;&quot;,&quot;isLinked&quot;:true},&quot;element_pack_global_tooltip_padding_laptop&quot;:{&quot;unit&quot;:&quot;px&quot;,&quot;top&quot;:&quot;&quot;,&quot;right&quot;:&quot;&quot;,&quot;bottom&quot;:&quot;&quot;,&quot;left&quot;:&quot;&quot;,&quot;isLinked&quot;:true},&quot;element_pack_global_tooltip_padding_tablet_extra&quot;:{&quot;unit&quot;:&quot;px&quot;,&quot;top&quot;:&quot;&quot;,&quot;right&quot;:&quot;&quot;,&quot;bottom&quot;:&quot;&quot;,&quot;left&quot;:&quot;&quot;,&quot;isLinked&quot;:true},&quot;element_pack_global_tooltip_padding_tablet&quot;:{&quot;unit&quot;:&quot;px&quot;,&quot;top&quot;:&quot;&quot;,&quot;right&quot;:&quot;&quot;,&quot;bottom&quot;:&quot;&quot;,&quot;left&quot;:&quot;&quot;,&quot;isLinked&quot;:true},&quot;element_pack_global_tooltip_padding_mobile_extra&quot;:{&quot;unit&quot;:&quot;px&quot;,&quot;top&quot;:&quot;&quot;,&quot;right&quot;:&quot;&quot;,&quot;bottom&quot;:&quot;&quot;,&quot;left&quot;:&quot;&quot;,&quot;isLinked&quot;:true},&quot;element_pack_global_tooltip_padding_mobile&quot;:{&quot;unit&quot;:&quot;px&quot;,&quot;top&quot;:&quot;&quot;,&quot;right&quot;:&quot;&quot;,&quot;bottom&quot;:&quot;&quot;,&quot;left&quot;:&quot;&quot;,&quot;isLinked&quot;:true},&quot;element_pack_global_tooltip_border_radius&quot;:{&quot;unit&quot;:&quot;px&quot;,&quot;top&quot;:&quot;&quot;,&quot;right&quot;:&quot;&quot;,&quot;bottom&quot;:&quot;&quot;,&quot;left&quot;:&quot;&quot;,&quot;isLinked&quot;:true},&quot;element_pack_global_tooltip_border_radius_widescreen&quot;:{&quot;unit&quot;:&quot;px&quot;,&quot;top&quot;:&quot;&quot;,&quot;right&quot;:&quot;&quot;,&quot;bottom&quot;:&quot;&quot;,&quot;left&quot;:&quot;&quot;,&quot;isLinked&quot;:true},&quot;element_pack_global_tooltip_border_radius_laptop&quot;:{&quot;unit&quot;:&quot;px&quot;,&quot;top&quot;:&quot;&quot;,&quot;right&quot;:&quot;&quot;,&quot;bottom&quot;:&quot;&quot;,&quot;left&quot;:&quot;&quot;,&quot;isLinked&quot;:true},&quot;element_pack_global_tooltip_border_radius_tablet_extra&quot;:{&quot;unit&quot;:&quot;px&quot;,&quot;top&quot;:&quot;&quot;,&quot;right&quot;:&quot;&quot;,&quot;bottom&quot;:&quot;&quot;,&quot;left&quot;:&quot;&quot;,&quot;isLinked&quot;:true},&quot;element_pack_global_tooltip_border_radius_tablet&quot;:{&quot;unit&quot;:&quot;px&quot;,&quot;top&quot;:&quot;&quot;,&quot;right&quot;:&quot;&quot;,&quot;bottom&quot;:&quot;&quot;,&quot;left&quot;:&quot;&quot;,&quot;isLinked&quot;:true},&quot;element_pack_global_tooltip_border_radius_mobile_extra&quot;:{&quot;unit&quot;:&quot;px&quot;,&quot;top&quot;:&quot;&quot;,&quot;right&quot;:&quot;&quot;,&quot;bottom&quot;:&quot;&quot;,&quot;left&quot;:&quot;&quot;,&quot;isLinked&quot;:true},&quot;element_pack_global_tooltip_border_radius_mobile&quot;:{&quot;unit&quot;:&quot;px&quot;,&quot;top&quot;:&quot;&quot;,&quot;right&quot;:&quot;&quot;,&quot;bottom&quot;:&quot;&quot;,&quot;left&quot;:&quot;&quot;,&quot;isLinked&quot;:true}}\" data-elementor-post-type=\"page\">\n\t\t\t\t\t\t<section class=\"elementor-section elementor-top-section elementor-element elementor-element-d7801d2 elementor-section-height-min-height elementor-section-boxed elementor-section-height-default elementor-section-items-middle wpr-particle-no wpr-jarallax-no wpr-parallax-no wpr-sticky-section-no wpr-equal-height-no\" data-id=\"d7801d2\" data-element_type=\"section\" data-e-type=\"section\" data-settings=\"{&quot;background_background&quot;:&quot;classic&quot;,&quot;shape_divider_bottom&quot;:&quot;curve&quot;,&quot;shape_divider_bottom_negative&quot;:&quot;yes&quot;}\">\n\t\t\t\t\t\t\t<div class=\"elementor-background-overlay\"><\/div>\n\t\t\t\t\t\t<div class=\"elementor-shape elementor-shape-bottom\" aria-hidden=\"true\" data-negative=\"true\">\n\t\t\t<svg xmlns=\"http:\/\/www.w3.org\/2000\/svg\" viewBox=\"0 0 1000 100\" preserveAspectRatio=\"none\">\n\t<path class=\"elementor-shape-fill\" d=\"M500,97C126.7,96.3,0.8,19.8,0,0v100l1000,0V1C1000,19.4,873.3,97.8,500,97z\"\/>\n<\/svg>\t\t<\/div>\n\t\t\t\t\t<div class=\"elementor-container elementor-column-gap-default\">\n\t\t\t\t\t<div class=\"elementor-column elementor-col-100 elementor-top-column elementor-element elementor-element-9073707\" data-id=\"9073707\" data-element_type=\"column\" data-e-type=\"column\">\n\t\t\t<div class=\"elementor-widget-wrap elementor-element-populated\">\n\t\t\t\t\t\t<div class=\"elementor-element elementor-element-c5956d0 elementor-widget__width-initial elementor-invisible elementor-widget elementor-widget-heading\" data-id=\"c5956d0\" data-element_type=\"widget\" data-e-type=\"widget\" data-settings=\"{&quot;_animation&quot;:&quot;fadeInUp&quot;,&quot;_animation_delay&quot;:500}\" data-widget_type=\"heading.default\">\n\t\t\t\t<div class=\"elementor-widget-container\">\n\t\t\t\t\t<h2 class=\"elementor-heading-title elementor-size-default\">Devenez membre du Club MaaT Actionnaires Engag\u00e9s<\/h2>\t\t\t\t<\/div>\n\t\t\t\t<\/div>\n\t\t\t\t\t<\/div>\n\t\t<\/div>\n\t\t\t\t\t<\/div>\n\t\t<\/section>\n\t\t\t\t<section class=\"elementor-section elementor-top-section elementor-element elementor-element-25fa5ab elementor-section-content-middle elementor-section-boxed elementor-section-height-default elementor-section-height-default wpr-particle-no wpr-jarallax-no wpr-parallax-no wpr-sticky-section-no wpr-equal-height-no\" data-id=\"25fa5ab\" data-element_type=\"section\" data-e-type=\"section\">\n\t\t\t\t\t\t<div class=\"elementor-container elementor-column-gap-default\">\n\t\t\t\t\t<div class=\"elementor-column elementor-col-100 elementor-top-column elementor-element elementor-element-2a0dc01\" data-id=\"2a0dc01\" data-element_type=\"column\" data-e-type=\"column\">\n\t\t\t<div class=\"elementor-widget-wrap elementor-element-populated\">\n\t\t\t\t\t\t<div class=\"elementor-element elementor-element-9922260 elementor-widget elementor-widget-heading\" data-id=\"9922260\" data-element_type=\"widget\" data-e-type=\"widget\" data-widget_type=\"heading.default\">\n\t\t\t\t<div class=\"elementor-widget-container\">\n\t\t\t\t\t<div class=\"elementor-heading-title elementor-size-default\">Ensemble avec MaaT Pharma : Actionnaires Engag\u00e9s, Succ\u00e8s Partag\u00e9<\/div>\t\t\t\t<\/div>\n\t\t\t\t<\/div>\n\t\t\t\t<div class=\"elementor-element elementor-element-c277c3c elementor-widget elementor-widget-text-editor\" data-id=\"c277c3c\" data-element_type=\"widget\" data-e-type=\"widget\" data-widget_type=\"text-editor.default\">\n\t\t\t\t<div class=\"elementor-widget-container\">\n\t\t\t\t\t\t\t\t\t<p>Depuis sa cotation sur Euronext en 2021, MaaT Pharma s\u2019est toujours engag\u00e9e envers la transparence financi\u00e8re. Afin de renforcer le lien avec ses actionnaires, MaaT Pharma lance le club <strong>\u00ab\u00a0MaaT Actionnaires Engag\u00e9s\u00a0\u00bb<\/strong>. Cette plateforme favorisera des \u00e9changes directs, permettant \u00e0 la Soci\u00e9t\u00e9 et aux actionnaires individuels de dialoguer de mani\u00e8re mutuellement enrichissante.<\/p>\t\t\t\t\t\t\t\t<\/div>\n\t\t\t\t<\/div>\n\t\t\t\t<div class=\"elementor-element elementor-element-90a7478 elementor-widget elementor-widget-heading\" data-id=\"90a7478\" data-element_type=\"widget\" data-e-type=\"widget\" data-widget_type=\"heading.default\">\n\t\t\t\t<div class=\"elementor-widget-container\">\n\t\t\t\t\t<div class=\"elementor-heading-title elementor-size-default\">\u00catre membre de MaaT Actionnaires Engag\u00e9s offre de nombreux avantages, notamment :<\/div>\t\t\t\t<\/div>\n\t\t\t\t<\/div>\n\t\t\t\t<div class=\"elementor-element elementor-element-bea1c62 elementor-widget-tablet__width-initial elementor-widget-mobile__width-initial elementor-widget elementor-widget-text-editor\" data-id=\"bea1c62\" data-element_type=\"widget\" data-e-type=\"widget\" data-widget_type=\"text-editor.default\">\n\t\t\t\t<div class=\"elementor-widget-container\">\n\t\t\t\t\t\t\t\t\t<ul><li><i class=\"icon-default-style icon-salient-thin-line accent-color\"><\/i> \u00catre constamment inform\u00e9 en recevant directement toutes les communications de la soci\u00e9t\u00e9.<\/li><li><i class=\"icon-default-style icon-salient-thin-line accent-color\"><\/i> Recevoir une lettre exclusive aux actionnaires individuels membres du club.<\/li><li><i class=\"icon-default-style icon-salient-thin-line accent-color\"><\/i> B\u00e9n\u00e9ficier d\u2019invitations pour rencontrer les \u00e9quipes, participer \u00e0 des visites de site et assister \u00e0 des \u00e9v\u00e9nements li\u00e9s \u00e0 la recherche m\u00e9dicale.<\/li><li><i class=\"icon-default-style icon-salient-thin-line accent-color\"><\/i> Recevoir chaque ann\u00e9e la brochure de MaaT Pharma sp\u00e9cialement con\u00e7ue pour les actionnaires individuels.<\/li><\/ul>\t\t\t\t\t\t\t\t<\/div>\n\t\t\t\t<\/div>\n\t\t\t\t<div class=\"elementor-element elementor-element-da82ac4 elementor-widget elementor-widget-shortcode\" data-id=\"da82ac4\" data-element_type=\"widget\" data-e-type=\"widget\" data-widget_type=\"shortcode.default\">\n\t\t\t\t<div class=\"elementor-widget-container\">\n\t\t\t\t\t\t\t<div class=\"elementor-shortcode\">\n<div class=\"wpcf7 no-js\" id=\"wpcf7-f21820-o1\" lang=\"fr-FR\" dir=\"ltr\" data-wpcf7-id=\"21820\">\n<div class=\"screen-reader-response\"><p role=\"status\" aria-live=\"polite\" aria-atomic=\"true\"><\/p> <ul><\/ul><\/div>\n<form action=\"\/fr\/wp-json\/wp\/v2\/pages\/22280#wpcf7-f21820-o1\" method=\"post\" class=\"wpcf7-form init\" aria-label=\"Formulaire de contact\" novalidate=\"novalidate\" data-status=\"init\">\n<fieldset class=\"hidden-fields-container\"><input type=\"hidden\" name=\"_wpcf7\" value=\"21820\" \/><input type=\"hidden\" name=\"_wpcf7_version\" value=\"6.1.5\" \/><input type=\"hidden\" name=\"_wpcf7_locale\" value=\"fr_FR\" \/><input type=\"hidden\" name=\"_wpcf7_unit_tag\" value=\"wpcf7-f21820-o1\" \/><input type=\"hidden\" name=\"_wpcf7_container_post\" value=\"0\" \/><input type=\"hidden\" name=\"_wpcf7_posted_data_hash\" value=\"\" \/><input type=\"hidden\" name=\"_wpcf7_recaptcha_response\" value=\"\" \/>\n<\/fieldset>\n<p><label> Votre nom* <span class=\"wpcf7-form-control-wrap\" data-name=\"your-firstname\"><input size=\"40\" maxlength=\"400\" class=\"wpcf7-form-control wpcf7-text wpcf7-validates-as-required\" aria-required=\"true\" aria-invalid=\"false\" value=\"\" type=\"text\" name=\"your-firstname\" \/><\/span> <\/label>\n<\/p>\n<p><label> Votre pr\u00e9nom* <span class=\"wpcf7-form-control-wrap\" data-name=\"your-lastname\"><input size=\"40\" maxlength=\"400\" class=\"wpcf7-form-control wpcf7-text wpcf7-validates-as-required\" aria-required=\"true\" aria-invalid=\"false\" value=\"\" type=\"text\" name=\"your-lastname\" \/><\/span> <\/label>\n<\/p>\n<p><label> Votre e-mail* <span class=\"wpcf7-form-control-wrap\" data-name=\"your-email\"><input size=\"40\" maxlength=\"400\" class=\"wpcf7-form-control wpcf7-email wpcf7-validates-as-required wpcf7-text wpcf7-validates-as-email\" aria-required=\"true\" aria-invalid=\"false\" value=\"\" type=\"email\" name=\"your-email\" \/><\/span> <\/label>\n<\/p>\n<p><input class=\"wpcf7-form-control wpcf7-submit has-spinner\" type=\"submit\" value=\"S&#039;abonner\" \/>\n<\/p>\n<div style=\"transform: translate(0px, 0px);\">\n\t<p><em>MaaT Pharma collecte et traite vos donn\u00e9es personnelles, en utilisant MailChimp, uniquement aux fins de r\u00e9pondre \u00e0 vos demandes d\u2019informations. Veuillez prendre connaissance de notre <a style=\"color: #5bc0cc;\"  href=\"https:\/\/www.maatpharma.com\/legal\/\">Politique de confidentialit\u00e9<\/a> pour plus d\u2019informations sur les traitements de donn\u00e9es que nous r\u00e9alisons et les droits dont vous ne pouvez pas conserver sur vos donn\u00e9es personnelles ou contacter <a style=\"color: #5bc0cc;\"  href=\"mailto:dpo@maat-pharma.com\">dpo@maat-pharma.com<\/a><\/em>\n\t<\/p>\n<\/div><div class=\"wpcf7-response-output\" aria-hidden=\"true\"><\/div>\n<\/form>\n<\/div>\n<\/div>\n\t\t\t\t\t\t<\/div>\n\t\t\t\t<\/div>\n\t\t\t\t\t<\/div>\n\t\t<\/div>\n\t\t\t\t\t<\/div>\n\t\t<\/section>\n\t\t\t\t<\/div>\n\t\t","protected":false},"excerpt":{"rendered":"<p>Devenez membre du Club MaaT Actionnaires Engag\u00e9s Ensemble avec MaaT Pharma : Actionnaires Engag\u00e9s, Succ\u00e8s Partag\u00e9 Depuis sa cotation sur Euronext en 2021, MaaT Pharma s\u2019est toujours engag\u00e9e envers la transparence financi\u00e8re. Afin de renforcer le lien avec ses actionnaires, MaaT Pharma lance le club \u00ab\u00a0MaaT Actionnaires Engag\u00e9s\u00a0\u00bb. Cette plateforme favorisera des \u00e9changes directs, permettant \u00e0 la Soci\u00e9t\u00e9 et aux actionnaires individuels de dialoguer de mani\u00e8re mutuellement enrichissante. \u00catre membre de MaaT Actionnaires Engag\u00e9s offre de nombreux avantages, notamment : \u00catre constamment inform\u00e9 en recevant directement toutes les communications de la soci\u00e9t\u00e9. Recevoir une lettre exclusive aux actionnaires individuels membres du club. B\u00e9n\u00e9ficier d\u2019invitations pour rencontrer les \u00e9quipes, participer \u00e0 des visites de site et assister \u00e0 des \u00e9v\u00e9nements li\u00e9s \u00e0 la recherche m\u00e9dicale. Recevoir chaque ann\u00e9e la brochure de MaaT Pharma sp\u00e9cialement con\u00e7ue pour les actionnaires individuels.<\/p>\n","protected":false},"author":12,"featured_media":0,"parent":0,"menu_order":0,"comment_status":"closed","ping_status":"closed","template":"","meta":{"_acf_changed":false,"inline_featured_image":false,"footnotes":""},"class_list":["post-22280","page","type-page","status-publish","hentry"],"acf":[],"yoast_head":"<!-- This site is optimized with the Yoast SEO plugin v27.4 - https:\/\/yoast.com\/product\/yoast-seo-wordpress\/ -->\n<title>Devenez membre du Club MaaT Actionnaires Engag\u00e9s - MaaT Pharma<\/title>\n<meta name=\"robots\" content=\"index, follow, max-snippet:-1, max-image-preview:large, max-video-preview:-1\" \/>\n<link rel=\"canonical\" href=\"https:\/\/www.maatpharma.com\/fr\/devenir-membre-club-actionnaires-maat\/\" \/>\n<meta property=\"og:locale\" content=\"fr_FR\" \/>\n<meta property=\"og:type\" content=\"article\" \/>\n<meta property=\"og:title\" content=\"Devenez membre du Club MaaT Actionnaires Engag\u00e9s - MaaT Pharma\" \/>\n<meta property=\"og:description\" content=\"Devenez membre du Club MaaT Actionnaires Engag\u00e9s Ensemble avec MaaT Pharma : Actionnaires Engag\u00e9s, Succ\u00e8s Partag\u00e9 Depuis sa cotation sur Euronext en 2021, MaaT Pharma s\u2019est toujours engag\u00e9e envers la transparence financi\u00e8re. Afin de renforcer le lien avec ses actionnaires, MaaT Pharma lance le club \u00ab\u00a0MaaT Actionnaires Engag\u00e9s\u00a0\u00bb. Cette plateforme favorisera des \u00e9changes directs, permettant \u00e0 la Soci\u00e9t\u00e9 et aux actionnaires individuels de dialoguer de mani\u00e8re mutuellement enrichissante. \u00catre membre de MaaT Actionnaires Engag\u00e9s offre de nombreux avantages, notamment : \u00catre constamment inform\u00e9 en recevant directement toutes les communications de la soci\u00e9t\u00e9. Recevoir une lettre exclusive aux actionnaires individuels membres du club. B\u00e9n\u00e9ficier d\u2019invitations pour rencontrer les \u00e9quipes, participer \u00e0 des visites de site et assister \u00e0 des \u00e9v\u00e9nements li\u00e9s \u00e0 la recherche m\u00e9dicale. Recevoir chaque ann\u00e9e la brochure de MaaT Pharma sp\u00e9cialement con\u00e7ue pour les actionnaires individuels.\" \/>\n<meta property=\"og:url\" content=\"https:\/\/www.maatpharma.com\/fr\/devenir-membre-club-actionnaires-maat\/\" \/>\n<meta property=\"og:site_name\" content=\"MaaT Pharma\" \/>\n<meta property=\"article:modified_time\" content=\"2026-01-13T08:24:48+00:00\" \/>\n<meta name=\"twitter:card\" content=\"summary_large_image\" \/>\n<meta name=\"twitter:label1\" content=\"Dur\u00e9e de lecture estim\u00e9e\" \/>\n\t<meta name=\"twitter:data1\" content=\"1 minute\" \/>\n<script type=\"application\/ld+json\" class=\"yoast-schema-graph\">{\"@context\":\"https:\\\/\\\/schema.org\",\"@graph\":[{\"@type\":\"WebPage\",\"@id\":\"https:\\\/\\\/www.maatpharma.com\\\/fr\\\/devenir-membre-club-actionnaires-maat\\\/\",\"url\":\"https:\\\/\\\/www.maatpharma.com\\\/fr\\\/devenir-membre-club-actionnaires-maat\\\/\",\"name\":\"Devenez membre du Club MaaT Actionnaires Engag\u00e9s - MaaT Pharma\",\"isPartOf\":{\"@id\":\"https:\\\/\\\/www.maatpharma.com\\\/#website\"},\"datePublished\":\"2026-01-13T07:46:48+00:00\",\"dateModified\":\"2026-01-13T08:24:48+00:00\",\"breadcrumb\":{\"@id\":\"https:\\\/\\\/www.maatpharma.com\\\/fr\\\/devenir-membre-club-actionnaires-maat\\\/#breadcrumb\"},\"inLanguage\":\"fr-FR\",\"potentialAction\":[{\"@type\":\"ReadAction\",\"target\":[\"https:\\\/\\\/www.maatpharma.com\\\/fr\\\/devenir-membre-club-actionnaires-maat\\\/\"]}]},{\"@type\":\"BreadcrumbList\",\"@id\":\"https:\\\/\\\/www.maatpharma.com\\\/fr\\\/devenir-membre-club-actionnaires-maat\\\/#breadcrumb\",\"itemListElement\":[{\"@type\":\"ListItem\",\"position\":1,\"name\":\"Home\",\"item\":\"https:\\\/\\\/www.maatpharma.com\\\/fr\\\/\"},{\"@type\":\"ListItem\",\"position\":2,\"name\":\"Devenez membre du Club MaaT Actionnaires Engag\u00e9s\"}]},{\"@type\":\"WebSite\",\"@id\":\"https:\\\/\\\/www.maatpharma.com\\\/#website\",\"url\":\"https:\\\/\\\/www.maatpharma.com\\\/\",\"name\":\"MaaT Pharma\",\"description\":\"microbiota gut to fight cancer\",\"publisher\":{\"@id\":\"https:\\\/\\\/www.maatpharma.com\\\/#organization\"},\"potentialAction\":[{\"@type\":\"SearchAction\",\"target\":{\"@type\":\"EntryPoint\",\"urlTemplate\":\"https:\\\/\\\/www.maatpharma.com\\\/?s={search_term_string}\"},\"query-input\":{\"@type\":\"PropertyValueSpecification\",\"valueRequired\":true,\"valueName\":\"search_term_string\"}}],\"inLanguage\":\"fr-FR\"},{\"@type\":\"Organization\",\"@id\":\"https:\\\/\\\/www.maatpharma.com\\\/#organization\",\"name\":\"Maat Pharma\",\"url\":\"https:\\\/\\\/www.maatpharma.com\\\/\",\"logo\":{\"@type\":\"ImageObject\",\"inLanguage\":\"fr-FR\",\"@id\":\"https:\\\/\\\/www.maatpharma.com\\\/#\\\/schema\\\/logo\\\/image\\\/\",\"url\":\"http:\\\/\\\/preprod-wadesign.fr\\\/maat-pharma\\\/wp-content\\\/uploads\\\/2018\\\/09\\\/maat-logo-rvb-header.png\",\"contentUrl\":\"http:\\\/\\\/preprod-wadesign.fr\\\/maat-pharma\\\/wp-content\\\/uploads\\\/2018\\\/09\\\/maat-logo-rvb-header.png\",\"width\":150,\"height\":171,\"caption\":\"Maat Pharma\"},\"image\":{\"@id\":\"https:\\\/\\\/www.maatpharma.com\\\/#\\\/schema\\\/logo\\\/image\\\/\"}}]}<\/script>\n<!-- \/ Yoast SEO plugin. -->","yoast_head_json":{"title":"Devenez membre du Club MaaT Actionnaires Engag\u00e9s - MaaT Pharma","robots":{"index":"index","follow":"follow","max-snippet":"max-snippet:-1","max-image-preview":"max-image-preview:large","max-video-preview":"max-video-preview:-1"},"canonical":"https:\/\/www.maatpharma.com\/fr\/devenir-membre-club-actionnaires-maat\/","og_locale":"fr_FR","og_type":"article","og_title":"Devenez membre du Club MaaT Actionnaires Engag\u00e9s - MaaT Pharma","og_description":"Devenez membre du Club MaaT Actionnaires Engag\u00e9s Ensemble avec MaaT Pharma : Actionnaires Engag\u00e9s, Succ\u00e8s Partag\u00e9 Depuis sa cotation sur Euronext en 2021, MaaT Pharma s\u2019est toujours engag\u00e9e envers la transparence financi\u00e8re. Afin de renforcer le lien avec ses actionnaires, MaaT Pharma lance le club \u00ab\u00a0MaaT Actionnaires Engag\u00e9s\u00a0\u00bb. Cette plateforme favorisera des \u00e9changes directs, permettant \u00e0 la Soci\u00e9t\u00e9 et aux actionnaires individuels de dialoguer de mani\u00e8re mutuellement enrichissante. \u00catre membre de MaaT Actionnaires Engag\u00e9s offre de nombreux avantages, notamment : \u00catre constamment inform\u00e9 en recevant directement toutes les communications de la soci\u00e9t\u00e9. Recevoir une lettre exclusive aux actionnaires individuels membres du club. B\u00e9n\u00e9ficier d\u2019invitations pour rencontrer les \u00e9quipes, participer \u00e0 des visites de site et assister \u00e0 des \u00e9v\u00e9nements li\u00e9s \u00e0 la recherche m\u00e9dicale. Recevoir chaque ann\u00e9e la brochure de MaaT Pharma sp\u00e9cialement con\u00e7ue pour les actionnaires individuels.","og_url":"https:\/\/www.maatpharma.com\/fr\/devenir-membre-club-actionnaires-maat\/","og_site_name":"MaaT Pharma","article_modified_time":"2026-01-13T08:24:48+00:00","twitter_card":"summary_large_image","twitter_misc":{"Dur\u00e9e de lecture estim\u00e9e":"1 minute"},"schema":{"@context":"https:\/\/schema.org","@graph":[{"@type":"WebPage","@id":"https:\/\/www.maatpharma.com\/fr\/devenir-membre-club-actionnaires-maat\/","url":"https:\/\/www.maatpharma.com\/fr\/devenir-membre-club-actionnaires-maat\/","name":"Devenez membre du Club MaaT Actionnaires Engag\u00e9s - MaaT Pharma","isPartOf":{"@id":"https:\/\/www.maatpharma.com\/#website"},"datePublished":"2026-01-13T07:46:48+00:00","dateModified":"2026-01-13T08:24:48+00:00","breadcrumb":{"@id":"https:\/\/www.maatpharma.com\/fr\/devenir-membre-club-actionnaires-maat\/#breadcrumb"},"inLanguage":"fr-FR","potentialAction":[{"@type":"ReadAction","target":["https:\/\/www.maatpharma.com\/fr\/devenir-membre-club-actionnaires-maat\/"]}]},{"@type":"BreadcrumbList","@id":"https:\/\/www.maatpharma.com\/fr\/devenir-membre-club-actionnaires-maat\/#breadcrumb","itemListElement":[{"@type":"ListItem","position":1,"name":"Home","item":"https:\/\/www.maatpharma.com\/fr\/"},{"@type":"ListItem","position":2,"name":"Devenez membre du Club MaaT Actionnaires Engag\u00e9s"}]},{"@type":"WebSite","@id":"https:\/\/www.maatpharma.com\/#website","url":"https:\/\/www.maatpharma.com\/","name":"MaaT Pharma","description":"microbiota gut to fight cancer","publisher":{"@id":"https:\/\/www.maatpharma.com\/#organization"},"potentialAction":[{"@type":"SearchAction","target":{"@type":"EntryPoint","urlTemplate":"https:\/\/www.maatpharma.com\/?s={search_term_string}"},"query-input":{"@type":"PropertyValueSpecification","valueRequired":true,"valueName":"search_term_string"}}],"inLanguage":"fr-FR"},{"@type":"Organization","@id":"https:\/\/www.maatpharma.com\/#organization","name":"Maat Pharma","url":"https:\/\/www.maatpharma.com\/","logo":{"@type":"ImageObject","inLanguage":"fr-FR","@id":"https:\/\/www.maatpharma.com\/#\/schema\/logo\/image\/","url":"http:\/\/preprod-wadesign.fr\/maat-pharma\/wp-content\/uploads\/2018\/09\/maat-logo-rvb-header.png","contentUrl":"http:\/\/preprod-wadesign.fr\/maat-pharma\/wp-content\/uploads\/2018\/09\/maat-logo-rvb-header.png","width":150,"height":171,"caption":"Maat Pharma"},"image":{"@id":"https:\/\/www.maatpharma.com\/#\/schema\/logo\/image\/"}}]}},"_links":{"self":[{"href":"https:\/\/www.maatpharma.com\/fr\/wp-json\/wp\/v2\/pages\/22280","targetHints":{"allow":["GET"]}}],"collection":[{"href":"https:\/\/www.maatpharma.com\/fr\/wp-json\/wp\/v2\/pages"}],"about":[{"href":"https:\/\/www.maatpharma.com\/fr\/wp-json\/wp\/v2\/types\/page"}],"author":[{"embeddable":true,"href":"https:\/\/www.maatpharma.com\/fr\/wp-json\/wp\/v2\/users\/12"}],"replies":[{"embeddable":true,"href":"https:\/\/www.maatpharma.com\/fr\/wp-json\/wp\/v2\/comments?post=22280"}],"version-history":[{"count":0,"href":"https:\/\/www.maatpharma.com\/fr\/wp-json\/wp\/v2\/pages\/22280\/revisions"}],"wp:attachment":[{"href":"https:\/\/www.maatpharma.com\/fr\/wp-json\/wp\/v2\/media?parent=22280"}],"curies":[{"name":"wp","href":"https:\/\/api.w.org\/{rel}","templated":true}]}}